{"id":6041,"date":"2025-12-17T14:56:24","date_gmt":"2025-12-17T12:56:24","guid":{"rendered":"https:\/\/dadsons.lv\/ilgtspeja\/"},"modified":"2026-03-01T07:14:48","modified_gmt":"2026-03-01T05:14:48","slug":"ilgtspeja","status":"publish","type":"page","link":"https:\/\/dadsons.lv\/lv\/ilgtspeja\/","title":{"rendered":"Ilgtsp\u0113ja"},"content":{"rendered":"\t\t<div data-elementor-type=\"wp-page\" data-elementor-id=\"6041\" class=\"elementor elementor-6041 elementor-19\" data-elementor-post-type=\"page\">\n\t\t\t\t<div class=\"elementor-element elementor-element-58331e7 e-flex e-con-boxed e-con e-parent\" data-id=\"58331e7\" data-element_type=\"container\" data-e-type=\"container\" data-settings=\"{&quot;background_background&quot;:&quot;classic&quot;,&quot;jet_parallax_layout_list&quot;:[]}\">\n\t\t\t\t\t<div class=\"e-con-inner\">\n\t\t\t\t<div class=\"elementor-element elementor-element-a34b656 elementor-widget elementor-widget-heading\" data-id=\"a34b656\" data-element_type=\"widget\" data-e-type=\"widget\" data-widget_type=\"heading.default\">\n\t\t\t\t\t<p class=\"elementor-heading-title elementor-size-default\">ESG un atbild\u012bba<\/p>\t\t\t\t<\/div>\n\t\t\t\t<div class=\"elementor-element elementor-element-8b4d4ce elementor-widget elementor-widget-heading\" data-id=\"8b4d4ce\" data-element_type=\"widget\" data-e-type=\"widget\" data-widget_type=\"heading.default\">\n\t\t\t\t\t<h1 class=\"elementor-heading-title elementor-size-default\">Ilgtsp\u0113ja ir m\u016bsu dab\u0101<\/h1>\t\t\t\t<\/div>\n\t\t\t\t<div class=\"elementor-element elementor-element-06d7d25 elementor-widget__width-initial text-balance elementor-widget elementor-widget-text-editor\" data-id=\"06d7d25\" data-element_type=\"widget\" data-e-type=\"widget\" data-widget_type=\"text-editor.default\">\n\t\t\t\t\t\t\t\t\t<p>M\u0113s izsekojam katru kokmateri\u0101lu partiju un iep\u0113rkam koksni tikai no atbild\u012bgi apsaimniekotiem me\u017eiem. M\u016bsu m\u0113r\u0137is ir neto nulles ra\u017eo\u0161ana l\u012bdz 2030. gadam.<\/p>\t\t\t\t\t\t\t\t<\/div>\n\t\t\t\t\t<\/div>\n\t\t\t\t<\/div>\n\t\t<div class=\"elementor-element elementor-element-d6fcada e-flex e-con-boxed e-con e-parent\" data-id=\"d6fcada\" data-element_type=\"container\" data-e-type=\"container\" data-settings=\"{&quot;jet_parallax_layout_list&quot;:[]}\">\n\t\t\t\t\t<div class=\"e-con-inner\">\n\t\t<div class=\"elementor-element elementor-element-eb09d4b e-con-full e-flex e-con e-child\" data-id=\"eb09d4b\" data-element_type=\"container\" data-e-type=\"container\" data-settings=\"{&quot;jet_parallax_layout_list&quot;:[]}\">\n\t\t\t\t<div class=\"elementor-element elementor-element-7ac8c2c elementor-widget elementor-widget-heading\" data-id=\"7ac8c2c\" data-element_type=\"widget\" data-e-type=\"widget\" data-widget_type=\"heading.default\">\n\t\t\t\t\t<h2 class=\"elementor-heading-title elementor-size-default\">Koksnes izcelsme<\/h2>\t\t\t\t<\/div>\n\t\t\t\t<div class=\"elementor-element elementor-element-4418ec2 elementor-widget elementor-widget-jet-pie-chart\" data-id=\"4418ec2\" data-element_type=\"widget\" data-e-type=\"widget\" data-widget_type=\"jet-pie-chart.default\">\n\t\t\t\t<div class=\"elementor-widget-container\">\n\t\t\t\t\t<div class=\"elementor-jet-pie-chart jet-elements\"><div class=\"jet-pie-chart-title-container\"><h5 class=\"jet-pie-chart-title\"><\/h5><\/div>\n\t\t<div class=\"jet-pie-chart-container\" data-chart=\"{&quot;datasets&quot;:[{&quot;data&quot;:[10,65,25],&quot;backgroundColor&quot;:[&quot;#8B4512&quot;,&quot;#2F5233&quot;,&quot;#43A047&quot;],&quot;borderWidth&quot;:5,&quot;borderColor&quot;:&quot;#F9FAFB&quot;,&quot;hoverBorderColor&quot;:&quot;#F9FAFB&quot;}],&quot;labels&quot;:[&quot;Kontrol\\u0113ta koksne&quot;,&quot;* sertific\\u0113ts&quot;,&quot;PEFC sertific\\u0113ts&quot;]}\" data-options=\"{&quot;animation&quot;:{&quot;duration&quot;:1000,&quot;easing&quot;:&quot;easeOutQuart&quot;,&quot;animateScale&quot;:false},&quot;legend&quot;:{&quot;display&quot;:true,&quot;position&quot;:&quot;bottom&quot;,&quot;reverse&quot;:false,&quot;align&quot;:&quot;center&quot;,&quot;labels&quot;:{&quot;fontFamily&quot;:&quot;Inter&quot;,&quot;fontColor&quot;:&quot;#7D8999&quot;}},&quot;tooltips&quot;:{&quot;enabled&quot;:true,&quot;bodyFontFamily&quot;:&quot;Inter&quot;},&quot;cutoutPercentage&quot;:60}\" data-tooltip=\"\">\n\t\t\t<canvas class=\"jet-pie-chart\" role=\"img\"><\/canvas>\n\t\t<\/div>\n\n\t\t<\/div>\t\t\t\t<\/div>\n\t\t\t\t<\/div>\n\t\t\t\t<div class=\"elementor-element elementor-element-ea78fb7 elementor-widget elementor-widget-heading\" data-id=\"ea78fb7\" data-element_type=\"widget\" data-e-type=\"widget\" data-widget_type=\"heading.default\">\n\t\t\t\t\t<span class=\"elementor-heading-title elementor-size-default\">* Dati atspogu\u013co 2024. gada iepirkumu apjomu. Visi materi\u0101li ieg\u016bti no Somijas un Baltijas valst\u012bm. \n<\/span>\t\t\t\t<\/div>\n\t\t\t\t<\/div>\n\t\t<div class=\"elementor-element elementor-element-2025f43 e-con-full e-flex e-con e-child\" data-id=\"2025f43\" data-element_type=\"container\" data-e-type=\"container\" data-settings=\"{&quot;jet_parallax_layout_list&quot;:[]}\">\n\t\t\t\t<div class=\"elementor-element elementor-element-7ddabfe elementor-widget elementor-widget-heading\" data-id=\"7ddabfe\" data-element_type=\"widget\" data-e-type=\"widget\" data-widget_type=\"heading.default\">\n\t\t\t\t\t<h2 class=\"elementor-heading-title elementor-size-default\">CO2e samazin\u0101jums (tonn\u0101s)<\/h2>\t\t\t\t<\/div>\n\t\t\t\t<div class=\"elementor-element elementor-element-e6604fa elementor-widget elementor-widget-jet-bar-chart\" data-id=\"e6604fa\" data-element_type=\"widget\" data-e-type=\"widget\" data-widget_type=\"jet-bar-chart.default\">\n\t\t\t\t<div class=\"elementor-widget-container\">\n\t\t\t\t\t<div class=\"elementor-jet-bar-chart jet-elements\">\t\t<div class=\"jet-bar-chart-container\" data-settings=\"{&quot;type&quot;:&quot;bar&quot;,&quot;data&quot;:{&quot;labels&quot;:[&quot;2022&quot;,&quot;2023&quot;,&quot;2024&quot;,&quot;2025&quot;],&quot;datasets&quot;:[{&quot;label&quot;:&quot;M\\u0113r\\u0137a limits&quot;,&quot;data&quot;:[450,400,350,300],&quot;_id&quot;:&quot;c8a4fe4&quot;,&quot;__globals__&quot;:{&quot;bg_color&quot;:&quot;globals\\\/colors?id=87f94d0&quot;,&quot;bg_hover_color&quot;:&quot;globals\\\/colors?id=87f94d0&quot;,&quot;border_color&quot;:&quot;globals\\\/colors?id=87f94d0&quot;,&quot;border_hover_color&quot;:&quot;globals\\\/colors?id=87f94d0&quot;},&quot;bg_color&quot;:&quot;#D1D5DB&quot;,&quot;bg_hover_color&quot;:&quot;#D1D5DB&quot;,&quot;border_color&quot;:&quot;#D1D5DB&quot;,&quot;border_hover_color&quot;:&quot;#D1D5DB&quot;,&quot;backgroundColor&quot;:&quot;#D1D5DB&quot;,&quot;hoverBackgroundColor&quot;:&quot;#D1D5DB&quot;,&quot;borderColor&quot;:&quot;#D1D5DB&quot;,&quot;hoverBorderColor&quot;:&quot;#D1D5DB&quot;,&quot;borderWidth&quot;:1},{&quot;label&quot;:&quot;Faktisk\\u0101s emisijas&quot;,&quot;data&quot;:[400,350,280,220],&quot;_id&quot;:&quot;d5e7a3f&quot;,&quot;__globals__&quot;:{&quot;bg_color&quot;:&quot;globals\\\/colors?id=56e6a90&quot;,&quot;bg_hover_color&quot;:&quot;globals\\\/colors?id=56e6a90&quot;,&quot;border_color&quot;:&quot;globals\\\/colors?id=56e6a90&quot;,&quot;border_hover_color&quot;:&quot;globals\\\/colors?id=56e6a90&quot;},&quot;bg_color&quot;:&quot;#43A047&quot;,&quot;bg_hover_color&quot;:&quot;#43A047&quot;,&quot;border_color&quot;:&quot;#43A047&quot;,&quot;border_hover_color&quot;:&quot;#43A047&quot;,&quot;backgroundColor&quot;:&quot;#43A047&quot;,&quot;hoverBackgroundColor&quot;:&quot;#43A047&quot;,&quot;borderColor&quot;:&quot;#43A047&quot;,&quot;hoverBorderColor&quot;:&quot;#43A047&quot;,&quot;borderWidth&quot;:1}]},&quot;options&quot;:{&quot;tooltips&quot;:{&quot;enabled&quot;:true},&quot;legend&quot;:{&quot;display&quot;:true,&quot;position&quot;:&quot;top&quot;,&quot;reverse&quot;:false,&quot;align&quot;:&quot;center&quot;},&quot;maintainAspectRatio&quot;:false,&quot;scales&quot;:{&quot;yAxes&quot;:[{&quot;ticks&quot;:{&quot;display&quot;:true,&quot;beginAtZero&quot;:true,&quot;max&quot;:600,&quot;stepSize&quot;:150},&quot;gridLines&quot;:{&quot;drawBorder&quot;:false,&quot;color&quot;:&quot;rgba(0,0,0,0.05)&quot;}}],&quot;xAxes&quot;:[{&quot;ticks&quot;:{&quot;display&quot;:true,&quot;beginAtZero&quot;:true,&quot;max&quot;:600,&quot;stepSize&quot;:150},&quot;gridLines&quot;:{&quot;drawBorder&quot;:false,&quot;color&quot;:&quot;rgba(0,0,0,0.05)&quot;}}]}}}\" data-tooltip-prefix=\"\" data-tooltip-suffix=\"\" data-tooltip-separator=\"\" data-axis-separator=\"\" data-labels-length=\"50\">\n\t\t\t<canvas class=\"jet-bar-chart\" role=\"img\"><\/canvas>\n\t\t<\/div>\n\t\t<\/div>\t\t\t\t<\/div>\n\t\t\t\t<\/div>\n\t\t\t\t<div class=\"elementor-element elementor-element-7474dab elementor-widget elementor-widget-heading\" data-id=\"7474dab\" data-element_type=\"widget\" data-e-type=\"widget\" data-widget_type=\"heading.default\">\n\t\t\t\t\t<span class=\"elementor-heading-title elementor-size-default\">Samazin\u0101jums pan\u0101kts, ievie\u0161ot saules ener\u0123iju ra\u017eo\u0161an\u0101 un optimiz\u0113jot lo\u0123istikas mar\u0161rutus.<\/span>\t\t\t\t<\/div>\n\t\t\t\t<\/div>\n\t\t\t\t\t<\/div>\n\t\t\t\t<\/div>\n\t\t<div class=\"elementor-element elementor-element-d027056 e-flex e-con-boxed e-con e-parent\" data-id=\"d027056\" data-element_type=\"container\" data-e-type=\"container\" data-settings=\"{&quot;jet_parallax_layout_list&quot;:[]}\">\n\t\t\t\t\t<div class=\"e-con-inner\">\n\t\t<div class=\"elementor-element elementor-element-3abaf4e e-con-full e-flex e-con e-child\" data-id=\"3abaf4e\" data-element_type=\"container\" data-e-type=\"container\" data-settings=\"{&quot;background_background&quot;:&quot;classic&quot;,&quot;jet_parallax_layout_list&quot;:[]}\">\n\t\t\t\t<div class=\"elementor-element elementor-element-cd3f368 elementor-widget elementor-widget-heading\" data-id=\"cd3f368\" data-element_type=\"widget\" data-e-type=\"widget\" data-widget_type=\"heading.default\">\n\t\t\t\t\t<h2 class=\"elementor-heading-title elementor-size-default\">Sertifik\u0101ti un standarti<\/h2>\t\t\t\t<\/div>\n\t\t\t\t<div class=\"elementor-element elementor-element-710d49b elementor-widget elementor-widget-jet-listing-grid\" data-id=\"710d49b\" data-element_type=\"widget\" data-e-type=\"widget\" data-settings=\"{&quot;columns_mobile&quot;:&quot;1&quot;,&quot;columns&quot;:3}\" data-widget_type=\"jet-listing-grid.default\">\n\t\t\t\t\t<div class=\"jet-listing-grid jet-listing\"><div class=\"jet-listing-not-found jet-listing-grid__items\" data-nav=\"{&quot;enabled&quot;:false,&quot;type&quot;:null,&quot;more_el&quot;:null,&quot;query&quot;:[],&quot;widget_settings&quot;:{&quot;lisitng_id&quot;:341,&quot;posts_num&quot;:6,&quot;columns&quot;:3,&quot;columns_tablet&quot;:3,&quot;columns_mobile&quot;:1,&quot;column_min_width&quot;:240,&quot;column_min_width_tablet&quot;:240,&quot;column_min_width_mobile&quot;:240,&quot;inline_columns_css&quot;:false,&quot;is_archive_template&quot;:&quot;&quot;,&quot;post_status&quot;:[&quot;publish&quot;],&quot;use_random_posts_num&quot;:&quot;&quot;,&quot;max_posts_num&quot;:9,&quot;not_found_message&quot;:&quot;Dati netika atrasti&quot;,&quot;is_masonry&quot;:false,&quot;equal_columns_height&quot;:&quot;&quot;,&quot;use_load_more&quot;:&quot;&quot;,&quot;load_more_id&quot;:&quot;&quot;,&quot;load_more_type&quot;:&quot;click&quot;,&quot;load_more_offset&quot;:null,&quot;use_custom_post_types&quot;:&quot;&quot;,&quot;custom_post_types&quot;:[],&quot;hide_widget_if&quot;:&quot;&quot;,&quot;carousel_enabled&quot;:&quot;&quot;,&quot;slides_to_scroll&quot;:&quot;1&quot;,&quot;arrows&quot;:&quot;true&quot;,&quot;arrow_icon&quot;:&quot;fa fa-angle-left&quot;,&quot;dots&quot;:&quot;&quot;,&quot;autoplay&quot;:&quot;true&quot;,&quot;pause_on_hover&quot;:&quot;true&quot;,&quot;autoplay_speed&quot;:5000,&quot;infinite&quot;:&quot;true&quot;,&quot;center_mode&quot;:&quot;&quot;,&quot;effect&quot;:&quot;slide&quot;,&quot;speed&quot;:500,&quot;inject_alternative_items&quot;:&quot;&quot;,&quot;injection_items&quot;:[],&quot;scroll_slider_enabled&quot;:&quot;&quot;,&quot;scroll_slider_on&quot;:[&quot;desktop&quot;,&quot;tablet&quot;,&quot;mobile&quot;],&quot;custom_query&quot;:false,&quot;custom_query_id&quot;:&quot;&quot;,&quot;_element_id&quot;:&quot;&quot;,&quot;collapse_first_last_gap&quot;:false,&quot;list_tag_selection&quot;:&quot;&quot;,&quot;list_items_wrapper_tag&quot;:&quot;div&quot;,&quot;list_item_tag&quot;:&quot;div&quot;,&quot;empty_items_wrapper_tag&quot;:&quot;div&quot;}}\" data-listing-source=\"posts\" data-listing-id=\"341\" data-query-id=\"\" data-queried-id=\"6041|WP_Post\">Dati netika atrasti<\/div><\/div>\t\t\t\t<\/div>\n\t\t\t\t<\/div>\n\t\t\t\t\t<\/div>\n\t\t\t\t<\/div>\n\t\t<div class=\"elementor-element elementor-element-1d56428 e-flex e-con-boxed e-con e-parent\" data-id=\"1d56428\" data-element_type=\"container\" data-e-type=\"container\" data-settings=\"{&quot;jet_parallax_layout_list&quot;:[]}\">\n\t\t\t\t\t<div class=\"e-con-inner\">\n\t\t<div class=\"elementor-element elementor-element-2a20cae e-con-full e-flex e-con e-child\" data-id=\"2a20cae\" data-element_type=\"container\" data-e-type=\"container\" data-settings=\"{&quot;jet_parallax_layout_list&quot;:[]}\">\n\t\t\t\t<div class=\"elementor-element elementor-element-1819254 elementor-widget elementor-widget-heading\" data-id=\"1819254\" data-element_type=\"widget\" data-e-type=\"widget\" data-widget_type=\"heading.default\">\n\t\t\t\t\t<p class=\"elementor-heading-title elementor-size-default\">ES regula<\/p>\t\t\t\t<\/div>\n\t\t\t\t<div class=\"elementor-element elementor-element-3c2ac6e elementor-widget elementor-widget-heading\" data-id=\"3c2ac6e\" data-element_type=\"widget\" data-e-type=\"widget\" data-widget_type=\"heading.default\">\n\t\t\t\t\t<h2 class=\"elementor-heading-title elementor-size-default\">Atbilst\u012bba EUDR pras\u012bb\u0101m<\/h2>\t\t\t\t<\/div>\n\t\t\t\t<div class=\"elementor-element elementor-element-a6c045e text-balance elementor-widget elementor-widget-text-editor\" data-id=\"a6c045e\" data-element_type=\"widget\" data-e-type=\"widget\" data-widget_type=\"text-editor.default\">\n\t\t\t\t\t\t\t\t\t<p>Dadsons ir piln\u012bb\u0101 sagatavots ES Regulai par me\u017eu izcir\u0161anu. M\u0113s sniedzam \u0123eogr\u0101fisk\u0101s koordin\u0101tas katrai kokmateri\u0101lu partijai, lai pieg\u0101des \u0137\u0113de b\u016btu caurskat\u0101ma un atbilstu pras\u012bb\u0101m. <\/p>\t\t\t\t\t\t\t\t<\/div>\n\t\t\t\t<div class=\"elementor-element elementor-element-e8a4015 elementor-icon-list--layout-traditional elementor-list-item-link-full_width elementor-widget elementor-widget-icon-list\" data-id=\"e8a4015\" data-element_type=\"widget\" data-e-type=\"widget\" data-widget_type=\"icon-list.default\">\n\t\t\t\t\t\t\t<ul class=\"elementor-icon-list-items\">\n\t\t\t\t\t\t\t<li class=\"elementor-icon-list-item\">\n\t\t\t\t\t\t\t\t\t\t\t<span class=\"elementor-icon-list-icon\">\n\t\t\t\t\t\t\t<svg aria-hidden=\"true\" class=\"e-font-icon-svg e-fas-check-circle\" viewBox=\"0 0 512 512\" xmlns=\"http:\/\/www.w3.org\/2000\/svg\"><path d=\"M504 256c0 136.967-111.033 248-248 248S8 392.967 8 256 119.033 8 256 8s248 111.033 248 248zM227.314 387.314l184-184c6.248-6.248 6.248-16.379 0-22.627l-22.627-22.627c-6.248-6.249-16.379-6.249-22.628 0L216 308.118l-70.059-70.059c-6.248-6.248-16.379-6.248-22.628 0l-22.627 22.627c-6.248 6.248-6.248 16.379 0 22.627l104 104c6.249 6.249 16.379 6.249 22.628.001z\"><\/path><\/svg>\t\t\t\t\t\t<\/span>\n\t\t\t\t\t\t\t\t\t\t<span class=\"elementor-icon-list-text\">\u0122eolok\u0101cijas dati<\/span>\n\t\t\t\t\t\t\t\t\t<\/li>\n\t\t\t\t\t\t\t\t<li class=\"elementor-icon-list-item\">\n\t\t\t\t\t\t\t\t\t\t\t<span class=\"elementor-icon-list-icon\">\n\t\t\t\t\t\t\t<svg aria-hidden=\"true\" class=\"e-font-icon-svg e-fas-check-circle\" viewBox=\"0 0 512 512\" xmlns=\"http:\/\/www.w3.org\/2000\/svg\"><path d=\"M504 256c0 136.967-111.033 248-248 248S8 392.967 8 256 119.033 8 256 8s248 111.033 248 248zM227.314 387.314l184-184c6.248-6.248 6.248-16.379 0-22.627l-22.627-22.627c-6.248-6.249-16.379-6.249-22.628 0L216 308.118l-70.059-70.059c-6.248-6.248-16.379-6.248-22.628 0l-22.627 22.627c-6.248 6.248-6.248 16.379 0 22.627l104 104c6.249 6.249 16.379 6.249 22.628.001z\"><\/path><\/svg>\t\t\t\t\t\t<\/span>\n\t\t\t\t\t\t\t\t\t\t<span class=\"elementor-icon-list-text\">Pien\u0101c\u012bgas p\u0101rbaudes pazi\u0146ojums<\/span>\n\t\t\t\t\t\t\t\t\t<\/li>\n\t\t\t\t\t\t\t\t<li class=\"elementor-icon-list-item\">\n\t\t\t\t\t\t\t\t\t\t\t<span class=\"elementor-icon-list-icon\">\n\t\t\t\t\t\t\t<svg aria-hidden=\"true\" class=\"e-font-icon-svg e-fas-check-circle\" viewBox=\"0 0 512 512\" xmlns=\"http:\/\/www.w3.org\/2000\/svg\"><path d=\"M504 256c0 136.967-111.033 248-248 248S8 392.967 8 256 119.033 8 256 8s248 111.033 248 248zM227.314 387.314l184-184c6.248-6.248 6.248-16.379 0-22.627l-22.627-22.627c-6.248-6.249-16.379-6.249-22.628 0L216 308.118l-70.059-70.059c-6.248-6.248-16.379-6.248-22.628 0l-22.627 22.627c-6.248 6.248-6.248 16.379 0 22.627l104 104c6.249 6.249 16.379 6.249 22.628.001z\"><\/path><\/svg>\t\t\t\t\t\t<\/span>\n\t\t\t\t\t\t\t\t\t\t<span class=\"elementor-icon-list-text\">Riska nov\u0113rt\u0113jums<\/span>\n\t\t\t\t\t\t\t\t\t<\/li>\n\t\t\t\t\t\t\t\t<li class=\"elementor-icon-list-item\">\n\t\t\t\t\t\t\t\t\t\t\t<span class=\"elementor-icon-list-icon\">\n\t\t\t\t\t\t\t<svg aria-hidden=\"true\" class=\"e-font-icon-svg e-fas-check-circle\" viewBox=\"0 0 512 512\" xmlns=\"http:\/\/www.w3.org\/2000\/svg\"><path d=\"M504 256c0 136.967-111.033 248-248 248S8 392.967 8 256 119.033 8 256 8s248 111.033 248 248zM227.314 387.314l184-184c6.248-6.248 6.248-16.379 0-22.627l-22.627-22.627c-6.248-6.249-16.379-6.249-22.628 0L216 308.118l-70.059-70.059c-6.248-6.248-16.379-6.248-22.628 0l-22.627 22.627c-6.248 6.248-6.248 16.379 0 22.627l104 104c6.249 6.249 16.379 6.249 22.628.001z\"><\/path><\/svg>\t\t\t\t\t\t<\/span>\n\t\t\t\t\t\t\t\t\t\t<span class=\"elementor-icon-list-text\">Piln\u012bga izsekojam\u012bba<\/span>\n\t\t\t\t\t\t\t\t\t<\/li>\n\t\t\t\t\t\t<\/ul>\n\t\t\t\t\t\t<\/div>\n\t\t\t\t<\/div>\n\t\t<div class=\"elementor-element elementor-element-934c886 e-con-full e-flex e-con e-child\" data-id=\"934c886\" data-element_type=\"container\" data-e-type=\"container\" data-settings=\"{&quot;background_background&quot;:&quot;classic&quot;,&quot;jet_parallax_layout_list&quot;:[]}\">\n\t\t\t\t<div class=\"elementor-element elementor-element-07435ee elementor-widget elementor-widget-spacer\" data-id=\"07435ee\" data-element_type=\"widget\" data-e-type=\"widget\" data-widget_type=\"spacer.default\">\n\t\t\t\t\t\t\t<div class=\"elementor-spacer\">\n\t\t\t<div class=\"elementor-spacer-inner\"><\/div>\n\t\t<\/div>\n\t\t\t\t\t\t<\/div>\n\t\t\t\t<\/div>\n\t\t\t\t\t<\/div>\n\t\t\t\t<\/div>\n\t\t\t\t<\/div>\n\t\t","protected":false},"excerpt":{"rendered":"<p>ESG un atbild\u012bba Ilgtsp\u0113ja ir m\u016bsu dab\u0101 M\u0113s izsekojam katru kokmateri\u0101lu partiju un iep\u0113rkam koksni tikai no atbild\u012bgi apsaimniekotiem me\u017eiem. M\u016bsu m\u0113r\u0137is ir neto nulles ra\u017eo\u0161ana l\u012bdz 2030. gadam. Koksnes izcelsme * Dati atspogu\u013co 2024. gada iepirkumu apjomu. Visi materi\u0101li ieg\u016bti no Somijas un Baltijas valst\u012bm. CO2e samazin\u0101jums (tonn\u0101s) Samazin\u0101jums pan\u0101kts, ievie\u0161ot saules ener\u0123iju ra\u017eo\u0161an\u0101 [&hellip;]<\/p>\n","protected":false},"author":1,"featured_media":0,"parent":0,"menu_order":0,"comment_status":"closed","ping_status":"closed","template":"elementor_header_footer","meta":{"footnotes":""},"class_list":["post-6041","page","type-page","status-publish","hentry"],"_links":{"self":[{"href":"https:\/\/dadsons.lv\/lv\/wp-json\/wp\/v2\/pages\/6041","targetHints":{"allow":["GET"]}}],"collection":[{"href":"https:\/\/dadsons.lv\/lv\/wp-json\/wp\/v2\/pages"}],"about":[{"href":"https:\/\/dadsons.lv\/lv\/wp-json\/wp\/v2\/types\/page"}],"author":[{"embeddable":true,"href":"https:\/\/dadsons.lv\/lv\/wp-json\/wp\/v2\/users\/1"}],"replies":[{"embeddable":true,"href":"https:\/\/dadsons.lv\/lv\/wp-json\/wp\/v2\/comments?post=6041"}],"version-history":[{"count":2,"href":"https:\/\/dadsons.lv\/lv\/wp-json\/wp\/v2\/pages\/6041\/revisions"}],"predecessor-version":[{"id":6976,"href":"https:\/\/dadsons.lv\/lv\/wp-json\/wp\/v2\/pages\/6041\/revisions\/6976"}],"wp:attachment":[{"href":"https:\/\/dadsons.lv\/lv\/wp-json\/wp\/v2\/media?parent=6041"}],"curies":[{"name":"wp","href":"https:\/\/api.w.org\/{rel}","templated":true}]}}